{"id":787,"date":"2025-11-05T01:02:43","date_gmt":"2025-11-04T23:02:43","guid":{"rendered":"https:\/\/contrastofficiel.com\/?post_type=product&#038;p=787"},"modified":"2025-11-05T01:03:15","modified_gmt":"2025-11-04T23:03:15","slug":"squad-blk","status":"publish","type":"product","link":"https:\/\/contrastofficiel.com\/index.php\/produit\/squad-blk\/","title":{"rendered":"Squad Blk"},"content":{"rendered":"<div class=\"left-col\">\n<div class=\"flex mt-4\">\n<div class=\"text_block margin-bottom-0\">\n<div class=\"block_title\">\n<div class=\"left-col\">\n<div class=\"flex mt-4\">\n<div class=\"text_block margin-bottom-0\">\n<div class=\"block_title\">Grammage : <span style=\"font-family: var(--global-body-font-family);\">180g\/m\u00b2<\/span><\/div>\n<div>Marquage Relief<\/div>\n<\/div>\n<\/div>\n<\/div>\n<div class=\"right-col text-2xl\">\n<div>Col rond<br \/>\nBande de propret\u00e9 au col<br \/>\nCoup\u00e9 cousu<br \/>\nManches tombantes<br \/>\n100% <span title=\"Fil de coton qui a \u00e9t\u00e9 peign\u00e9 afin d'\u00e9liminer les fibres courtes et disposer les fibres plus longues en ordre parall\u00e8le, ce qui donne un fil lisse utilis\u00e9 dans les v\u00eatements les plus fins. Un processus de nettoyage secondaire est effectu\u00e9 pour \u00e9liminer les impuret\u00e9s restantes de la fibre de base apr\u00e8s le cardage du coton.\" data-toggle=\"tooltip\" data-placement=\"right\">coton peign\u00e9<\/span> biologique<\/div>\n<div>Peta VEGAN<\/div>\n<div>OEKO TEX standard 100<\/div>\n<div>Higg Index<\/div>\n<\/div>\n<\/div>\n<\/div>\n<\/div>\n<\/div>\n","protected":false},"excerpt":{"rendered":"<p>Grammage : 180g\/m\u00b2 Marquage Relief Col rond Bande de propret\u00e9 au col Coup\u00e9 cousu Manches tombantes 100% coton peign\u00e9 biologique Peta VEGAN OEKO TEX standard 100 Higg Index<\/p>\n","protected":false},"featured_media":779,"comment_status":"open","ping_status":"closed","template":"","meta":{"_kadence_starter_templates_imported_post":false,"_kad_post_transparent":"default","_kad_post_title":"","_kad_post_layout":"default","_kad_post_sidebar_id":"","_kad_post_content_style":"default","_kad_post_vertical_padding":"default","_kad_post_feature":"","_kad_post_feature_position":"","_kad_post_header":false,"_kad_post_footer":false,"_kad_post_classname":""},"product_brand":[20],"product_cat":[19],"product_tag":[],"class_list":{"0":"post-787","1":"product","2":"type-product","3":"status-publish","4":"has-post-thumbnail","6":"product_brand-contrast","7":"product_cat-t-shirt-homme","9":"first","10":"instock","11":"taxable","12":"shipping-taxable","13":"purchasable","14":"product-type-variable","15":"entry","16":"content-bg","17":"loop-entry"},"yoast_head":"<!-- This site is optimized with the Yoast SEO plugin v26.4 - https:\/\/yoast.com\/wordpress\/plugins\/seo\/ -->\n<title>T-shirt Homme Squad Blk - Contrast Wear Officiel<\/title>\n<meta name=\"description\" content=\"D\u00e9couvrez les t-shirts Contrast : des mod\u00e8les urbains au design \u00e9pur\u00e9, pens\u00e9s pour durer. Mati\u00e8res haut de gamme, coupe moderne et style affirm\u00e9.\" \/>\n<meta name=\"robots\" content=\"index, follow, max-snippet:-1, max-image-preview:large, max-video-preview:-1\" \/>\n<link rel=\"canonical\" href=\"https:\/\/contrastofficiel.com\/index.php\/produit\/squad-blk\/\" \/>\n<meta property=\"og:locale\" content=\"fr_FR\" \/>\n<meta property=\"og:type\" content=\"article\" \/>\n<meta property=\"og:title\" content=\"T-shirt Homme Squad Blk - Contrast Wear Officiel\" \/>\n<meta property=\"og:description\" content=\"D\u00e9couvrez les t-shirts Contrast : des mod\u00e8les urbains au design \u00e9pur\u00e9, pens\u00e9s pour durer. Mati\u00e8res haut de gamme, coupe moderne et style affirm\u00e9.\" \/>\n<meta property=\"og:url\" content=\"https:\/\/contrastofficiel.com\/index.php\/produit\/squad-blk\/\" \/>\n<meta property=\"og:site_name\" content=\"Contrast Wear Officiel\" \/>\n<meta property=\"article:publisher\" content=\"https:\/\/www.facebook.com\/profile.php?id=61581055040467\" \/>\n<meta property=\"article:modified_time\" content=\"2025-11-04T23:03:15+00:00\" \/>\n<meta property=\"og:image\" content=\"https:\/\/contrastofficiel.com\/wp-content\/uploads\/2025\/11\/boxy-contrast-noir-face3.jpg\" \/>\n\t<meta property=\"og:image:width\" content=\"1181\" \/>\n\t<meta property=\"og:image:height\" content=\"1181\" \/>\n\t<meta property=\"og:image:type\" content=\"image\/jpeg\" \/>\n<meta name=\"twitter:card\" content=\"summary_large_image\" \/>\n<meta name=\"twitter:label1\" content=\"Dur\u00e9e de lecture estim\u00e9e\" \/>\n\t<meta name=\"twitter:data1\" content=\"1 minute\" \/>\n<script type=\"application\/ld+json\" class=\"yoast-schema-graph\">{\"@context\":\"https:\/\/schema.org\",\"@graph\":[{\"@type\":\"WebPage\",\"@id\":\"https:\/\/contrastofficiel.com\/index.php\/produit\/squad-blk\/\",\"url\":\"https:\/\/contrastofficiel.com\/index.php\/produit\/squad-blk\/\",\"name\":\"T-shirt Homme Squad Blk - Contrast Wear Officiel\",\"isPartOf\":{\"@id\":\"https:\/\/contrastofficiel.com\/#website\"},\"primaryImageOfPage\":{\"@id\":\"https:\/\/contrastofficiel.com\/index.php\/produit\/squad-blk\/#primaryimage\"},\"image\":{\"@id\":\"https:\/\/contrastofficiel.com\/index.php\/produit\/squad-blk\/#primaryimage\"},\"thumbnailUrl\":\"https:\/\/contrastofficiel.com\/wp-content\/uploads\/2025\/11\/boxy-contrast-noir-face3.jpg\",\"datePublished\":\"2025-11-04T23:02:43+00:00\",\"dateModified\":\"2025-11-04T23:03:15+00:00\",\"description\":\"D\u00e9couvrez les t-shirts Contrast : des mod\u00e8les urbains au design \u00e9pur\u00e9, pens\u00e9s pour durer. Mati\u00e8res haut de gamme, coupe moderne et style affirm\u00e9.\",\"breadcrumb\":{\"@id\":\"https:\/\/contrastofficiel.com\/index.php\/produit\/squad-blk\/#breadcrumb\"},\"inLanguage\":\"fr-FR\",\"potentialAction\":[{\"@type\":\"ReadAction\",\"target\":[\"https:\/\/contrastofficiel.com\/index.php\/produit\/squad-blk\/\"]}]},{\"@type\":\"ImageObject\",\"inLanguage\":\"fr-FR\",\"@id\":\"https:\/\/contrastofficiel.com\/index.php\/produit\/squad-blk\/#primaryimage\",\"url\":\"https:\/\/contrastofficiel.com\/wp-content\/uploads\/2025\/11\/boxy-contrast-noir-face3.jpg\",\"contentUrl\":\"https:\/\/contrastofficiel.com\/wp-content\/uploads\/2025\/11\/boxy-contrast-noir-face3.jpg\",\"width\":1181,\"height\":1181},{\"@type\":\"BreadcrumbList\",\"@id\":\"https:\/\/contrastofficiel.com\/index.php\/produit\/squad-blk\/#breadcrumb\",\"itemListElement\":[{\"@type\":\"ListItem\",\"position\":1,\"name\":\"Accueil\",\"item\":\"https:\/\/contrastofficiel.com\/\"},{\"@type\":\"ListItem\",\"position\":2,\"name\":\"Shop\",\"item\":\"https:\/\/contrastofficiel.com\/index.php\/shop\/\"},{\"@type\":\"ListItem\",\"position\":3,\"name\":\"Squad Blk\"}]},{\"@type\":\"WebSite\",\"@id\":\"https:\/\/contrastofficiel.com\/#website\",\"url\":\"https:\/\/contrastofficiel.com\/\",\"name\":\"contrastofficiel.com\",\"description\":\"Streetwear et accessoires - Notre force, notre diff\u00e9rence\",\"publisher\":{\"@id\":\"https:\/\/contrastofficiel.com\/#organization\"},\"alternateName\":\"Contrast wear officiel\",\"potentialAction\":[{\"@type\":\"SearchAction\",\"target\":{\"@type\":\"EntryPoint\",\"urlTemplate\":\"https:\/\/contrastofficiel.com\/?s={search_term_string}\"},\"query-input\":{\"@type\":\"PropertyValueSpecification\",\"valueRequired\":true,\"valueName\":\"search_term_string\"}}],\"inLanguage\":\"fr-FR\"},{\"@type\":\"Organization\",\"@id\":\"https:\/\/contrastofficiel.com\/#organization\",\"name\":\"Contrast\",\"url\":\"https:\/\/contrastofficiel.com\/\",\"logo\":{\"@type\":\"ImageObject\",\"inLanguage\":\"fr-FR\",\"@id\":\"https:\/\/contrastofficiel.com\/#\/schema\/logo\/image\/\",\"url\":\"https:\/\/contrastofficiel.com\/wp-content\/uploads\/2025\/10\/cropped-logo-contrast-OK-copie-scaled-2.png\",\"contentUrl\":\"https:\/\/contrastofficiel.com\/wp-content\/uploads\/2025\/10\/cropped-logo-contrast-OK-copie-scaled-2.png\",\"width\":2560,\"height\":371,\"caption\":\"Contrast\"},\"image\":{\"@id\":\"https:\/\/contrastofficiel.com\/#\/schema\/logo\/image\/\"},\"sameAs\":[\"https:\/\/www.facebook.com\/profile.php?id=61581055040467\",\"https:\/\/www.instagram.com\/contrastwearofficiel\/\"]}]}<\/script>\n<!-- \/ Yoast SEO plugin. -->","yoast_head_json":{"title":"T-shirt Homme Squad Blk - Contrast Wear Officiel","description":"D\u00e9couvrez les t-shirts Contrast : des mod\u00e8les urbains au design \u00e9pur\u00e9, pens\u00e9s pour durer. Mati\u00e8res haut de gamme, coupe moderne et style affirm\u00e9.","robots":{"index":"index","follow":"follow","max-snippet":"max-snippet:-1","max-image-preview":"max-image-preview:large","max-video-preview":"max-video-preview:-1"},"canonical":"https:\/\/contrastofficiel.com\/index.php\/produit\/squad-blk\/","og_locale":"fr_FR","og_type":"article","og_title":"T-shirt Homme Squad Blk - Contrast Wear Officiel","og_description":"D\u00e9couvrez les t-shirts Contrast : des mod\u00e8les urbains au design \u00e9pur\u00e9, pens\u00e9s pour durer. Mati\u00e8res haut de gamme, coupe moderne et style affirm\u00e9.","og_url":"https:\/\/contrastofficiel.com\/index.php\/produit\/squad-blk\/","og_site_name":"Contrast Wear Officiel","article_publisher":"https:\/\/www.facebook.com\/profile.php?id=61581055040467","article_modified_time":"2025-11-04T23:03:15+00:00","og_image":[{"width":1181,"height":1181,"url":"https:\/\/contrastofficiel.com\/wp-content\/uploads\/2025\/11\/boxy-contrast-noir-face3.jpg","type":"image\/jpeg"}],"twitter_card":"summary_large_image","twitter_misc":{"Dur\u00e9e de lecture estim\u00e9e":"1 minute"},"schema":{"@context":"https:\/\/schema.org","@graph":[{"@type":"WebPage","@id":"https:\/\/contrastofficiel.com\/index.php\/produit\/squad-blk\/","url":"https:\/\/contrastofficiel.com\/index.php\/produit\/squad-blk\/","name":"T-shirt Homme Squad Blk - Contrast Wear Officiel","isPartOf":{"@id":"https:\/\/contrastofficiel.com\/#website"},"primaryImageOfPage":{"@id":"https:\/\/contrastofficiel.com\/index.php\/produit\/squad-blk\/#primaryimage"},"image":{"@id":"https:\/\/contrastofficiel.com\/index.php\/produit\/squad-blk\/#primaryimage"},"thumbnailUrl":"https:\/\/contrastofficiel.com\/wp-content\/uploads\/2025\/11\/boxy-contrast-noir-face3.jpg","datePublished":"2025-11-04T23:02:43+00:00","dateModified":"2025-11-04T23:03:15+00:00","description":"D\u00e9couvrez les t-shirts Contrast : des mod\u00e8les urbains au design \u00e9pur\u00e9, pens\u00e9s pour durer. Mati\u00e8res haut de gamme, coupe moderne et style affirm\u00e9.","breadcrumb":{"@id":"https:\/\/contrastofficiel.com\/index.php\/produit\/squad-blk\/#breadcrumb"},"inLanguage":"fr-FR","potentialAction":[{"@type":"ReadAction","target":["https:\/\/contrastofficiel.com\/index.php\/produit\/squad-blk\/"]}]},{"@type":"ImageObject","inLanguage":"fr-FR","@id":"https:\/\/contrastofficiel.com\/index.php\/produit\/squad-blk\/#primaryimage","url":"https:\/\/contrastofficiel.com\/wp-content\/uploads\/2025\/11\/boxy-contrast-noir-face3.jpg","contentUrl":"https:\/\/contrastofficiel.com\/wp-content\/uploads\/2025\/11\/boxy-contrast-noir-face3.jpg","width":1181,"height":1181},{"@type":"BreadcrumbList","@id":"https:\/\/contrastofficiel.com\/index.php\/produit\/squad-blk\/#breadcrumb","itemListElement":[{"@type":"ListItem","position":1,"name":"Accueil","item":"https:\/\/contrastofficiel.com\/"},{"@type":"ListItem","position":2,"name":"Shop","item":"https:\/\/contrastofficiel.com\/index.php\/shop\/"},{"@type":"ListItem","position":3,"name":"Squad Blk"}]},{"@type":"WebSite","@id":"https:\/\/contrastofficiel.com\/#website","url":"https:\/\/contrastofficiel.com\/","name":"contrastofficiel.com","description":"Streetwear et accessoires - Notre force, notre diff\u00e9rence","publisher":{"@id":"https:\/\/contrastofficiel.com\/#organization"},"alternateName":"Contrast wear officiel","potentialAction":[{"@type":"SearchAction","target":{"@type":"EntryPoint","urlTemplate":"https:\/\/contrastofficiel.com\/?s={search_term_string}"},"query-input":{"@type":"PropertyValueSpecification","valueRequired":true,"valueName":"search_term_string"}}],"inLanguage":"fr-FR"},{"@type":"Organization","@id":"https:\/\/contrastofficiel.com\/#organization","name":"Contrast","url":"https:\/\/contrastofficiel.com\/","logo":{"@type":"ImageObject","inLanguage":"fr-FR","@id":"https:\/\/contrastofficiel.com\/#\/schema\/logo\/image\/","url":"https:\/\/contrastofficiel.com\/wp-content\/uploads\/2025\/10\/cropped-logo-contrast-OK-copie-scaled-2.png","contentUrl":"https:\/\/contrastofficiel.com\/wp-content\/uploads\/2025\/10\/cropped-logo-contrast-OK-copie-scaled-2.png","width":2560,"height":371,"caption":"Contrast"},"image":{"@id":"https:\/\/contrastofficiel.com\/#\/schema\/logo\/image\/"},"sameAs":["https:\/\/www.facebook.com\/profile.php?id=61581055040467","https:\/\/www.instagram.com\/contrastwearofficiel\/"]}]}},"_links":{"self":[{"href":"https:\/\/contrastofficiel.com\/index.php\/wp-json\/wp\/v2\/product\/787","targetHints":{"allow":["GET"]}}],"collection":[{"href":"https:\/\/contrastofficiel.com\/index.php\/wp-json\/wp\/v2\/product"}],"about":[{"href":"https:\/\/contrastofficiel.com\/index.php\/wp-json\/wp\/v2\/types\/product"}],"replies":[{"embeddable":true,"href":"https:\/\/contrastofficiel.com\/index.php\/wp-json\/wp\/v2\/comments?post=787"}],"wp:featuredmedia":[{"embeddable":true,"href":"https:\/\/contrastofficiel.com\/index.php\/wp-json\/wp\/v2\/media\/779"}],"wp:attachment":[{"href":"https:\/\/contrastofficiel.com\/index.php\/wp-json\/wp\/v2\/media?parent=787"}],"wp:term":[{"taxonomy":"product_brand","embeddable":true,"href":"https:\/\/contrastofficiel.com\/index.php\/wp-json\/wp\/v2\/product_brand?post=787"},{"taxonomy":"product_cat","embeddable":true,"href":"https:\/\/contrastofficiel.com\/index.php\/wp-json\/wp\/v2\/product_cat?post=787"},{"taxonomy":"product_tag","embeddable":true,"href":"https:\/\/contrastofficiel.com\/index.php\/wp-json\/wp\/v2\/product_tag?post=787"}],"curies":[{"name":"wp","href":"https:\/\/api.w.org\/{rel}","templated":true}]}}