{"id":569,"date":"2025-10-23T17:34:06","date_gmt":"2025-10-23T15:34:06","guid":{"rendered":"https:\/\/contrastofficiel.com\/?post_type=product&#038;p=569"},"modified":"2025-10-24T01:13:42","modified_gmt":"2025-10-23T23:13:42","slug":"chill-kids-wht","status":"publish","type":"product","link":"https:\/\/contrastofficiel.com\/index.php\/produit\/chill-kids-wht\/","title":{"rendered":"Chill kids Wht"},"content":{"rendered":"<p>Sweat capuche enfant molleton gratt\u00e9.<\/p>\n<p>80% coton issu de l&#8217;agriculture biologique<\/p>\n<p>20% polyester recycl\u00e9 3 fils<\/p>\n<p>Grammage : 280g\/m\u00b2<\/p>\n","protected":false},"excerpt":{"rendered":"<p>Offrez \u00e0 vos enfants du style et du confort avec le sweat Chill.<\/p>\n","protected":false},"featured_media":542,"comment_status":"open","ping_status":"closed","template":"","meta":{"_kadence_starter_templates_imported_post":false,"_kad_post_transparent":"default","_kad_post_title":"","_kad_post_layout":"default","_kad_post_sidebar_id":"","_kad_post_content_style":"default","_kad_post_vertical_padding":"default","_kad_post_feature":"","_kad_post_feature_position":"","_kad_post_header":false,"_kad_post_footer":false,"_kad_post_classname":""},"product_brand":[20],"product_cat":[24],"product_tag":[],"class_list":{"0":"post-569","1":"product","2":"type-product","3":"status-publish","4":"has-post-thumbnail","6":"product_brand-contrast","7":"product_cat-sweat-enfant","9":"first","10":"instock","11":"taxable","12":"shipping-taxable","13":"purchasable","14":"product-type-variable","15":"entry","16":"content-bg","17":"loop-entry"},"yoast_head":"<!-- This site is optimized with the Yoast SEO plugin v26.4 - https:\/\/yoast.com\/wordpress\/plugins\/seo\/ -->\n<title>Chill kids Wht - Contrast Wear Officiel<\/title>\n<meta name=\"description\" content=\"Offrez \u00e0 vos enfants du style et du confort avec le Sweat capuche enfant molleton gratt\u00e9. Coton agriculture biologique Polyester recycl\u00e9 280g\/m2.\" \/>\n<meta name=\"robots\" content=\"index, follow, max-snippet:-1, max-image-preview:large, max-video-preview:-1\" \/>\n<link rel=\"canonical\" href=\"https:\/\/contrastofficiel.com\/index.php\/produit\/chill-kids-wht\/\" \/>\n<meta property=\"og:locale\" content=\"fr_FR\" \/>\n<meta property=\"og:type\" content=\"article\" \/>\n<meta property=\"og:title\" content=\"Chill kids Wht - Contrast Wear Officiel\" \/>\n<meta property=\"og:description\" content=\"Offrez \u00e0 vos enfants du style et du confort avec le Sweat capuche enfant molleton gratt\u00e9. Coton agriculture biologique Polyester recycl\u00e9 280g\/m2.\" \/>\n<meta property=\"og:url\" content=\"https:\/\/contrastofficiel.com\/index.php\/produit\/chill-kids-wht\/\" \/>\n<meta property=\"og:site_name\" content=\"Contrast Wear Officiel\" \/>\n<meta property=\"article:publisher\" content=\"https:\/\/www.facebook.com\/profile.php?id=61581055040467\" \/>\n<meta property=\"article:modified_time\" content=\"2025-10-23T23:13:42+00:00\" \/>\n<meta property=\"og:image\" content=\"https:\/\/contrastofficiel.com\/wp-content\/uploads\/2025\/10\/chill-kids-blanc-noir-face.jpg\" \/>\n\t<meta property=\"og:image:width\" content=\"1181\" \/>\n\t<meta property=\"og:image:height\" content=\"1181\" \/>\n\t<meta property=\"og:image:type\" content=\"image\/jpeg\" \/>\n<meta name=\"twitter:card\" content=\"summary_large_image\" \/>\n<meta name=\"twitter:label1\" content=\"Dur\u00e9e de lecture estim\u00e9e\" \/>\n\t<meta name=\"twitter:data1\" content=\"1 minute\" \/>\n<script type=\"application\/ld+json\" class=\"yoast-schema-graph\">{\"@context\":\"https:\/\/schema.org\",\"@graph\":[{\"@type\":\"WebPage\",\"@id\":\"https:\/\/contrastofficiel.com\/index.php\/produit\/chill-kids-wht\/\",\"url\":\"https:\/\/contrastofficiel.com\/index.php\/produit\/chill-kids-wht\/\",\"name\":\"Chill kids Wht - Contrast Wear Officiel\",\"isPartOf\":{\"@id\":\"https:\/\/contrastofficiel.com\/#website\"},\"primaryImageOfPage\":{\"@id\":\"https:\/\/contrastofficiel.com\/index.php\/produit\/chill-kids-wht\/#primaryimage\"},\"image\":{\"@id\":\"https:\/\/contrastofficiel.com\/index.php\/produit\/chill-kids-wht\/#primaryimage\"},\"thumbnailUrl\":\"https:\/\/contrastofficiel.com\/wp-content\/uploads\/2025\/10\/chill-kids-blanc-noir-face.jpg\",\"datePublished\":\"2025-10-23T15:34:06+00:00\",\"dateModified\":\"2025-10-23T23:13:42+00:00\",\"description\":\"Offrez \u00e0 vos enfants du style et du confort avec le Sweat capuche enfant molleton gratt\u00e9. Coton agriculture biologique Polyester recycl\u00e9 280g\/m2.\",\"breadcrumb\":{\"@id\":\"https:\/\/contrastofficiel.com\/index.php\/produit\/chill-kids-wht\/#breadcrumb\"},\"inLanguage\":\"fr-FR\",\"potentialAction\":[{\"@type\":\"ReadAction\",\"target\":[\"https:\/\/contrastofficiel.com\/index.php\/produit\/chill-kids-wht\/\"]}]},{\"@type\":\"ImageObject\",\"inLanguage\":\"fr-FR\",\"@id\":\"https:\/\/contrastofficiel.com\/index.php\/produit\/chill-kids-wht\/#primaryimage\",\"url\":\"https:\/\/contrastofficiel.com\/wp-content\/uploads\/2025\/10\/chill-kids-blanc-noir-face.jpg\",\"contentUrl\":\"https:\/\/contrastofficiel.com\/wp-content\/uploads\/2025\/10\/chill-kids-blanc-noir-face.jpg\",\"width\":1181,\"height\":1181},{\"@type\":\"BreadcrumbList\",\"@id\":\"https:\/\/contrastofficiel.com\/index.php\/produit\/chill-kids-wht\/#breadcrumb\",\"itemListElement\":[{\"@type\":\"ListItem\",\"position\":1,\"name\":\"Accueil\",\"item\":\"https:\/\/contrastofficiel.com\/\"},{\"@type\":\"ListItem\",\"position\":2,\"name\":\"Shop\",\"item\":\"https:\/\/contrastofficiel.com\/index.php\/shop\/\"},{\"@type\":\"ListItem\",\"position\":3,\"name\":\"Chill kids Wht\"}]},{\"@type\":\"WebSite\",\"@id\":\"https:\/\/contrastofficiel.com\/#website\",\"url\":\"https:\/\/contrastofficiel.com\/\",\"name\":\"contrastofficiel.com\",\"description\":\"Streetwear et accessoires - Notre force, notre diff\u00e9rence\",\"publisher\":{\"@id\":\"https:\/\/contrastofficiel.com\/#organization\"},\"alternateName\":\"Contrast wear officiel\",\"potentialAction\":[{\"@type\":\"SearchAction\",\"target\":{\"@type\":\"EntryPoint\",\"urlTemplate\":\"https:\/\/contrastofficiel.com\/?s={search_term_string}\"},\"query-input\":{\"@type\":\"PropertyValueSpecification\",\"valueRequired\":true,\"valueName\":\"search_term_string\"}}],\"inLanguage\":\"fr-FR\"},{\"@type\":\"Organization\",\"@id\":\"https:\/\/contrastofficiel.com\/#organization\",\"name\":\"Contrast\",\"url\":\"https:\/\/contrastofficiel.com\/\",\"logo\":{\"@type\":\"ImageObject\",\"inLanguage\":\"fr-FR\",\"@id\":\"https:\/\/contrastofficiel.com\/#\/schema\/logo\/image\/\",\"url\":\"https:\/\/contrastofficiel.com\/wp-content\/uploads\/2025\/10\/cropped-logo-contrast-OK-copie-scaled-2.png\",\"contentUrl\":\"https:\/\/contrastofficiel.com\/wp-content\/uploads\/2025\/10\/cropped-logo-contrast-OK-copie-scaled-2.png\",\"width\":2560,\"height\":371,\"caption\":\"Contrast\"},\"image\":{\"@id\":\"https:\/\/contrastofficiel.com\/#\/schema\/logo\/image\/\"},\"sameAs\":[\"https:\/\/www.facebook.com\/profile.php?id=61581055040467\",\"https:\/\/www.instagram.com\/contrastwearofficiel\/\"]}]}<\/script>\n<!-- \/ Yoast SEO plugin. -->","yoast_head_json":{"title":"Chill kids Wht - Contrast Wear Officiel","description":"Offrez \u00e0 vos enfants du style et du confort avec le Sweat capuche enfant molleton gratt\u00e9. Coton agriculture biologique Polyester recycl\u00e9 280g\/m2.","robots":{"index":"index","follow":"follow","max-snippet":"max-snippet:-1","max-image-preview":"max-image-preview:large","max-video-preview":"max-video-preview:-1"},"canonical":"https:\/\/contrastofficiel.com\/index.php\/produit\/chill-kids-wht\/","og_locale":"fr_FR","og_type":"article","og_title":"Chill kids Wht - Contrast Wear Officiel","og_description":"Offrez \u00e0 vos enfants du style et du confort avec le Sweat capuche enfant molleton gratt\u00e9. Coton agriculture biologique Polyester recycl\u00e9 280g\/m2.","og_url":"https:\/\/contrastofficiel.com\/index.php\/produit\/chill-kids-wht\/","og_site_name":"Contrast Wear Officiel","article_publisher":"https:\/\/www.facebook.com\/profile.php?id=61581055040467","article_modified_time":"2025-10-23T23:13:42+00:00","og_image":[{"width":1181,"height":1181,"url":"https:\/\/contrastofficiel.com\/wp-content\/uploads\/2025\/10\/chill-kids-blanc-noir-face.jpg","type":"image\/jpeg"}],"twitter_card":"summary_large_image","twitter_misc":{"Dur\u00e9e de lecture estim\u00e9e":"1 minute"},"schema":{"@context":"https:\/\/schema.org","@graph":[{"@type":"WebPage","@id":"https:\/\/contrastofficiel.com\/index.php\/produit\/chill-kids-wht\/","url":"https:\/\/contrastofficiel.com\/index.php\/produit\/chill-kids-wht\/","name":"Chill kids Wht - Contrast Wear Officiel","isPartOf":{"@id":"https:\/\/contrastofficiel.com\/#website"},"primaryImageOfPage":{"@id":"https:\/\/contrastofficiel.com\/index.php\/produit\/chill-kids-wht\/#primaryimage"},"image":{"@id":"https:\/\/contrastofficiel.com\/index.php\/produit\/chill-kids-wht\/#primaryimage"},"thumbnailUrl":"https:\/\/contrastofficiel.com\/wp-content\/uploads\/2025\/10\/chill-kids-blanc-noir-face.jpg","datePublished":"2025-10-23T15:34:06+00:00","dateModified":"2025-10-23T23:13:42+00:00","description":"Offrez \u00e0 vos enfants du style et du confort avec le Sweat capuche enfant molleton gratt\u00e9. Coton agriculture biologique Polyester recycl\u00e9 280g\/m2.","breadcrumb":{"@id":"https:\/\/contrastofficiel.com\/index.php\/produit\/chill-kids-wht\/#breadcrumb"},"inLanguage":"fr-FR","potentialAction":[{"@type":"ReadAction","target":["https:\/\/contrastofficiel.com\/index.php\/produit\/chill-kids-wht\/"]}]},{"@type":"ImageObject","inLanguage":"fr-FR","@id":"https:\/\/contrastofficiel.com\/index.php\/produit\/chill-kids-wht\/#primaryimage","url":"https:\/\/contrastofficiel.com\/wp-content\/uploads\/2025\/10\/chill-kids-blanc-noir-face.jpg","contentUrl":"https:\/\/contrastofficiel.com\/wp-content\/uploads\/2025\/10\/chill-kids-blanc-noir-face.jpg","width":1181,"height":1181},{"@type":"BreadcrumbList","@id":"https:\/\/contrastofficiel.com\/index.php\/produit\/chill-kids-wht\/#breadcrumb","itemListElement":[{"@type":"ListItem","position":1,"name":"Accueil","item":"https:\/\/contrastofficiel.com\/"},{"@type":"ListItem","position":2,"name":"Shop","item":"https:\/\/contrastofficiel.com\/index.php\/shop\/"},{"@type":"ListItem","position":3,"name":"Chill kids Wht"}]},{"@type":"WebSite","@id":"https:\/\/contrastofficiel.com\/#website","url":"https:\/\/contrastofficiel.com\/","name":"contrastofficiel.com","description":"Streetwear et accessoires - Notre force, notre diff\u00e9rence","publisher":{"@id":"https:\/\/contrastofficiel.com\/#organization"},"alternateName":"Contrast wear officiel","potentialAction":[{"@type":"SearchAction","target":{"@type":"EntryPoint","urlTemplate":"https:\/\/contrastofficiel.com\/?s={search_term_string}"},"query-input":{"@type":"PropertyValueSpecification","valueRequired":true,"valueName":"search_term_string"}}],"inLanguage":"fr-FR"},{"@type":"Organization","@id":"https:\/\/contrastofficiel.com\/#organization","name":"Contrast","url":"https:\/\/contrastofficiel.com\/","logo":{"@type":"ImageObject","inLanguage":"fr-FR","@id":"https:\/\/contrastofficiel.com\/#\/schema\/logo\/image\/","url":"https:\/\/contrastofficiel.com\/wp-content\/uploads\/2025\/10\/cropped-logo-contrast-OK-copie-scaled-2.png","contentUrl":"https:\/\/contrastofficiel.com\/wp-content\/uploads\/2025\/10\/cropped-logo-contrast-OK-copie-scaled-2.png","width":2560,"height":371,"caption":"Contrast"},"image":{"@id":"https:\/\/contrastofficiel.com\/#\/schema\/logo\/image\/"},"sameAs":["https:\/\/www.facebook.com\/profile.php?id=61581055040467","https:\/\/www.instagram.com\/contrastwearofficiel\/"]}]}},"_links":{"self":[{"href":"https:\/\/contrastofficiel.com\/index.php\/wp-json\/wp\/v2\/product\/569","targetHints":{"allow":["GET"]}}],"collection":[{"href":"https:\/\/contrastofficiel.com\/index.php\/wp-json\/wp\/v2\/product"}],"about":[{"href":"https:\/\/contrastofficiel.com\/index.php\/wp-json\/wp\/v2\/types\/product"}],"replies":[{"embeddable":true,"href":"https:\/\/contrastofficiel.com\/index.php\/wp-json\/wp\/v2\/comments?post=569"}],"wp:featuredmedia":[{"embeddable":true,"href":"https:\/\/contrastofficiel.com\/index.php\/wp-json\/wp\/v2\/media\/542"}],"wp:attachment":[{"href":"https:\/\/contrastofficiel.com\/index.php\/wp-json\/wp\/v2\/media?parent=569"}],"wp:term":[{"taxonomy":"product_brand","embeddable":true,"href":"https:\/\/contrastofficiel.com\/index.php\/wp-json\/wp\/v2\/product_brand?post=569"},{"taxonomy":"product_cat","embeddable":true,"href":"https:\/\/contrastofficiel.com\/index.php\/wp-json\/wp\/v2\/product_cat?post=569"},{"taxonomy":"product_tag","embeddable":true,"href":"https:\/\/contrastofficiel.com\/index.php\/wp-json\/wp\/v2\/product_tag?post=569"}],"curies":[{"name":"wp","href":"https:\/\/api.w.org\/{rel}","templated":true}]}}