{"id":216,"date":"2025-10-16T19:29:53","date_gmt":"2025-10-16T19:29:53","guid":{"rendered":"https:\/\/contrastofficiel.com\/?post_type=product&#038;p=216"},"modified":"2025-12-01T00:47:01","modified_gmt":"2025-11-30T22:47:01","slug":"crew-wht","status":"publish","type":"product","link":"https:\/\/contrastofficiel.com\/index.php\/produit\/crew-wht\/","title":{"rendered":"Crew Wht"},"content":{"rendered":"<div class=\"left-col\">\n<div class=\"flex mt-4\">\n<div class=\"text_block margin-bottom-0\">\n<div class=\"block_title\">Grammage : <span style=\"font-family: var(--global-body-font-family);\">180g\/m\u00b2<\/span><\/div>\n<div>Marquage standard<\/div>\n<\/div>\n<\/div>\n<\/div>\n<div class=\"right-col text-2xl\">\n<div>Col rond<br \/>\nBande de propret\u00e9 au col<br \/>\nCoup\u00e9 cousu<br \/>\nManches tombantes<br \/>\n100% <span title=\"Fil de coton qui a \u00e9t\u00e9 peign\u00e9 afin d'\u00e9liminer les fibres courtes et disposer les fibres plus longues en ordre parall\u00e8le, ce qui donne un fil lisse utilis\u00e9 dans les v\u00eatements les plus fins. Un processus de nettoyage secondaire est effectu\u00e9 pour \u00e9liminer les impuret\u00e9s restantes de la fibre de base apr\u00e8s le cardage du coton.\" data-toggle=\"tooltip\" data-placement=\"right\">coton peign\u00e9<\/span> biologique<\/div>\n<div>Peta VEGAN<\/div>\n<div>OEKO TEX standard 100<\/div>\n<div>Higg Index<\/div>\n<\/div>\n","protected":false},"excerpt":{"rendered":"<p>D\u00e9couvrez le t-shirt Crew Wht de Contrast : un essentiel streetwear au design minimaliste, coupe confortable et coton premium. Parfait pour un look moderne et styl\u00e9 au quotidien. Disponible sur ContrastOfficiel.com<\/p>\n","protected":false},"featured_media":217,"comment_status":"open","ping_status":"closed","template":"","meta":{"_kadence_starter_templates_imported_post":false,"_kad_post_transparent":"default","_kad_post_title":"","_kad_post_layout":"default","_kad_post_sidebar_id":"","_kad_post_content_style":"default","_kad_post_vertical_padding":"default","_kad_post_feature":"","_kad_post_feature_position":"","_kad_post_header":false,"_kad_post_footer":false,"_kad_post_classname":""},"product_brand":[20],"product_cat":[19],"product_tag":[],"class_list":{"0":"post-216","1":"product","2":"type-product","3":"status-publish","4":"has-post-thumbnail","6":"product_brand-contrast","7":"product_cat-t-shirt-homme","9":"first","10":"instock","11":"taxable","12":"shipping-taxable","13":"purchasable","14":"product-type-variable","15":"entry","16":"content-bg","17":"loop-entry"},"yoast_head":"<!-- This site is optimized with the Yoast SEO plugin v26.4 - https:\/\/yoast.com\/wordpress\/plugins\/seo\/ -->\n<title>Crew Wht - Contrast Wear Officiel - T-shirt large blanc marquage contrast poitrine et dos<\/title>\n<meta name=\"description\" content=\"D\u00e9couvrez le t-shirt Crew Wht de Contrast : un essentiel streetwear au design minimaliste. Parfait pour un look moderne et styl\u00e9 au quotidien\" \/>\n<meta name=\"robots\" content=\"index, follow, max-snippet:-1, max-image-preview:large, max-video-preview:-1\" \/>\n<link rel=\"canonical\" href=\"https:\/\/contrastofficiel.com\/index.php\/produit\/crew-wht\/\" \/>\n<meta property=\"og:locale\" content=\"fr_FR\" \/>\n<meta property=\"og:type\" content=\"article\" \/>\n<meta property=\"og:title\" content=\"Crew Wht - Contrast Wear Officiel - T-shirt large blanc marquage contrast poitrine et dos\" \/>\n<meta property=\"og:description\" content=\"D\u00e9couvrez le t-shirt Crew Wht de Contrast : un essentiel streetwear au design minimaliste. Parfait pour un look moderne et styl\u00e9 au quotidien\" \/>\n<meta property=\"og:url\" content=\"https:\/\/contrastofficiel.com\/index.php\/produit\/crew-wht\/\" \/>\n<meta property=\"og:site_name\" content=\"Contrast Wear Officiel\" \/>\n<meta property=\"article:publisher\" content=\"https:\/\/www.facebook.com\/profile.php?id=61581055040467\" \/>\n<meta property=\"article:modified_time\" content=\"2025-11-30T22:47:01+00:00\" \/>\n<meta property=\"og:image\" content=\"https:\/\/contrastofficiel.com\/wp-content\/uploads\/2025\/10\/boxy-contrast-blanc-copie.jpg\" \/>\n\t<meta property=\"og:image:width\" content=\"1181\" \/>\n\t<meta property=\"og:image:height\" content=\"1181\" \/>\n\t<meta property=\"og:image:type\" content=\"image\/jpeg\" \/>\n<meta name=\"twitter:card\" content=\"summary_large_image\" \/>\n<meta name=\"twitter:label1\" content=\"Dur\u00e9e de lecture estim\u00e9e\" \/>\n\t<meta name=\"twitter:data1\" content=\"1 minute\" \/>\n<script type=\"application\/ld+json\" class=\"yoast-schema-graph\">{\"@context\":\"https:\/\/schema.org\",\"@graph\":[{\"@type\":\"WebPage\",\"@id\":\"https:\/\/contrastofficiel.com\/index.php\/produit\/crew-wht\/\",\"url\":\"https:\/\/contrastofficiel.com\/index.php\/produit\/crew-wht\/\",\"name\":\"Crew Wht - Contrast Wear Officiel - T-shirt large blanc marquage contrast poitrine et dos\",\"isPartOf\":{\"@id\":\"https:\/\/contrastofficiel.com\/#website\"},\"primaryImageOfPage\":{\"@id\":\"https:\/\/contrastofficiel.com\/index.php\/produit\/crew-wht\/#primaryimage\"},\"image\":{\"@id\":\"https:\/\/contrastofficiel.com\/index.php\/produit\/crew-wht\/#primaryimage\"},\"thumbnailUrl\":\"https:\/\/contrastofficiel.com\/wp-content\/uploads\/2025\/10\/boxy-contrast-blanc-copie.jpg\",\"datePublished\":\"2025-10-16T19:29:53+00:00\",\"dateModified\":\"2025-11-30T22:47:01+00:00\",\"description\":\"D\u00e9couvrez le t-shirt Crew Wht de Contrast : un essentiel streetwear au design minimaliste. Parfait pour un look moderne et styl\u00e9 au quotidien\",\"breadcrumb\":{\"@id\":\"https:\/\/contrastofficiel.com\/index.php\/produit\/crew-wht\/#breadcrumb\"},\"inLanguage\":\"fr-FR\",\"potentialAction\":[{\"@type\":\"ReadAction\",\"target\":[\"https:\/\/contrastofficiel.com\/index.php\/produit\/crew-wht\/\"]}]},{\"@type\":\"ImageObject\",\"inLanguage\":\"fr-FR\",\"@id\":\"https:\/\/contrastofficiel.com\/index.php\/produit\/crew-wht\/#primaryimage\",\"url\":\"https:\/\/contrastofficiel.com\/wp-content\/uploads\/2025\/10\/boxy-contrast-blanc-copie.jpg\",\"contentUrl\":\"https:\/\/contrastofficiel.com\/wp-content\/uploads\/2025\/10\/boxy-contrast-blanc-copie.jpg\",\"width\":1181,\"height\":1181},{\"@type\":\"BreadcrumbList\",\"@id\":\"https:\/\/contrastofficiel.com\/index.php\/produit\/crew-wht\/#breadcrumb\",\"itemListElement\":[{\"@type\":\"ListItem\",\"position\":1,\"name\":\"Accueil\",\"item\":\"https:\/\/contrastofficiel.com\/\"},{\"@type\":\"ListItem\",\"position\":2,\"name\":\"Shop\",\"item\":\"https:\/\/contrastofficiel.com\/index.php\/shop\/\"},{\"@type\":\"ListItem\",\"position\":3,\"name\":\"Crew Wht\"}]},{\"@type\":\"WebSite\",\"@id\":\"https:\/\/contrastofficiel.com\/#website\",\"url\":\"https:\/\/contrastofficiel.com\/\",\"name\":\"contrastofficiel.com\",\"description\":\"Streetwear et accessoires - Notre force, notre diff\u00e9rence\",\"publisher\":{\"@id\":\"https:\/\/contrastofficiel.com\/#organization\"},\"alternateName\":\"Contrast wear officiel\",\"potentialAction\":[{\"@type\":\"SearchAction\",\"target\":{\"@type\":\"EntryPoint\",\"urlTemplate\":\"https:\/\/contrastofficiel.com\/?s={search_term_string}\"},\"query-input\":{\"@type\":\"PropertyValueSpecification\",\"valueRequired\":true,\"valueName\":\"search_term_string\"}}],\"inLanguage\":\"fr-FR\"},{\"@type\":\"Organization\",\"@id\":\"https:\/\/contrastofficiel.com\/#organization\",\"name\":\"Contrast\",\"url\":\"https:\/\/contrastofficiel.com\/\",\"logo\":{\"@type\":\"ImageObject\",\"inLanguage\":\"fr-FR\",\"@id\":\"https:\/\/contrastofficiel.com\/#\/schema\/logo\/image\/\",\"url\":\"https:\/\/contrastofficiel.com\/wp-content\/uploads\/2025\/10\/cropped-logo-contrast-OK-copie-scaled-2.png\",\"contentUrl\":\"https:\/\/contrastofficiel.com\/wp-content\/uploads\/2025\/10\/cropped-logo-contrast-OK-copie-scaled-2.png\",\"width\":2560,\"height\":371,\"caption\":\"Contrast\"},\"image\":{\"@id\":\"https:\/\/contrastofficiel.com\/#\/schema\/logo\/image\/\"},\"sameAs\":[\"https:\/\/www.facebook.com\/profile.php?id=61581055040467\",\"https:\/\/www.instagram.com\/contrastwearofficiel\/\"]}]}<\/script>\n<!-- \/ Yoast SEO plugin. -->","yoast_head_json":{"title":"Crew Wht - Contrast Wear Officiel - T-shirt large blanc marquage contrast poitrine et dos","description":"D\u00e9couvrez le t-shirt Crew Wht de Contrast : un essentiel streetwear au design minimaliste. Parfait pour un look moderne et styl\u00e9 au quotidien","robots":{"index":"index","follow":"follow","max-snippet":"max-snippet:-1","max-image-preview":"max-image-preview:large","max-video-preview":"max-video-preview:-1"},"canonical":"https:\/\/contrastofficiel.com\/index.php\/produit\/crew-wht\/","og_locale":"fr_FR","og_type":"article","og_title":"Crew Wht - Contrast Wear Officiel - T-shirt large blanc marquage contrast poitrine et dos","og_description":"D\u00e9couvrez le t-shirt Crew Wht de Contrast : un essentiel streetwear au design minimaliste. Parfait pour un look moderne et styl\u00e9 au quotidien","og_url":"https:\/\/contrastofficiel.com\/index.php\/produit\/crew-wht\/","og_site_name":"Contrast Wear Officiel","article_publisher":"https:\/\/www.facebook.com\/profile.php?id=61581055040467","article_modified_time":"2025-11-30T22:47:01+00:00","og_image":[{"width":1181,"height":1181,"url":"https:\/\/contrastofficiel.com\/wp-content\/uploads\/2025\/10\/boxy-contrast-blanc-copie.jpg","type":"image\/jpeg"}],"twitter_card":"summary_large_image","twitter_misc":{"Dur\u00e9e de lecture estim\u00e9e":"1 minute"},"schema":{"@context":"https:\/\/schema.org","@graph":[{"@type":"WebPage","@id":"https:\/\/contrastofficiel.com\/index.php\/produit\/crew-wht\/","url":"https:\/\/contrastofficiel.com\/index.php\/produit\/crew-wht\/","name":"Crew Wht - Contrast Wear Officiel - T-shirt large blanc marquage contrast poitrine et dos","isPartOf":{"@id":"https:\/\/contrastofficiel.com\/#website"},"primaryImageOfPage":{"@id":"https:\/\/contrastofficiel.com\/index.php\/produit\/crew-wht\/#primaryimage"},"image":{"@id":"https:\/\/contrastofficiel.com\/index.php\/produit\/crew-wht\/#primaryimage"},"thumbnailUrl":"https:\/\/contrastofficiel.com\/wp-content\/uploads\/2025\/10\/boxy-contrast-blanc-copie.jpg","datePublished":"2025-10-16T19:29:53+00:00","dateModified":"2025-11-30T22:47:01+00:00","description":"D\u00e9couvrez le t-shirt Crew Wht de Contrast : un essentiel streetwear au design minimaliste. Parfait pour un look moderne et styl\u00e9 au quotidien","breadcrumb":{"@id":"https:\/\/contrastofficiel.com\/index.php\/produit\/crew-wht\/#breadcrumb"},"inLanguage":"fr-FR","potentialAction":[{"@type":"ReadAction","target":["https:\/\/contrastofficiel.com\/index.php\/produit\/crew-wht\/"]}]},{"@type":"ImageObject","inLanguage":"fr-FR","@id":"https:\/\/contrastofficiel.com\/index.php\/produit\/crew-wht\/#primaryimage","url":"https:\/\/contrastofficiel.com\/wp-content\/uploads\/2025\/10\/boxy-contrast-blanc-copie.jpg","contentUrl":"https:\/\/contrastofficiel.com\/wp-content\/uploads\/2025\/10\/boxy-contrast-blanc-copie.jpg","width":1181,"height":1181},{"@type":"BreadcrumbList","@id":"https:\/\/contrastofficiel.com\/index.php\/produit\/crew-wht\/#breadcrumb","itemListElement":[{"@type":"ListItem","position":1,"name":"Accueil","item":"https:\/\/contrastofficiel.com\/"},{"@type":"ListItem","position":2,"name":"Shop","item":"https:\/\/contrastofficiel.com\/index.php\/shop\/"},{"@type":"ListItem","position":3,"name":"Crew Wht"}]},{"@type":"WebSite","@id":"https:\/\/contrastofficiel.com\/#website","url":"https:\/\/contrastofficiel.com\/","name":"contrastofficiel.com","description":"Streetwear et accessoires - Notre force, notre diff\u00e9rence","publisher":{"@id":"https:\/\/contrastofficiel.com\/#organization"},"alternateName":"Contrast wear officiel","potentialAction":[{"@type":"SearchAction","target":{"@type":"EntryPoint","urlTemplate":"https:\/\/contrastofficiel.com\/?s={search_term_string}"},"query-input":{"@type":"PropertyValueSpecification","valueRequired":true,"valueName":"search_term_string"}}],"inLanguage":"fr-FR"},{"@type":"Organization","@id":"https:\/\/contrastofficiel.com\/#organization","name":"Contrast","url":"https:\/\/contrastofficiel.com\/","logo":{"@type":"ImageObject","inLanguage":"fr-FR","@id":"https:\/\/contrastofficiel.com\/#\/schema\/logo\/image\/","url":"https:\/\/contrastofficiel.com\/wp-content\/uploads\/2025\/10\/cropped-logo-contrast-OK-copie-scaled-2.png","contentUrl":"https:\/\/contrastofficiel.com\/wp-content\/uploads\/2025\/10\/cropped-logo-contrast-OK-copie-scaled-2.png","width":2560,"height":371,"caption":"Contrast"},"image":{"@id":"https:\/\/contrastofficiel.com\/#\/schema\/logo\/image\/"},"sameAs":["https:\/\/www.facebook.com\/profile.php?id=61581055040467","https:\/\/www.instagram.com\/contrastwearofficiel\/"]}]}},"_links":{"self":[{"href":"https:\/\/contrastofficiel.com\/index.php\/wp-json\/wp\/v2\/product\/216","targetHints":{"allow":["GET"]}}],"collection":[{"href":"https:\/\/contrastofficiel.com\/index.php\/wp-json\/wp\/v2\/product"}],"about":[{"href":"https:\/\/contrastofficiel.com\/index.php\/wp-json\/wp\/v2\/types\/product"}],"replies":[{"embeddable":true,"href":"https:\/\/contrastofficiel.com\/index.php\/wp-json\/wp\/v2\/comments?post=216"}],"wp:featuredmedia":[{"embeddable":true,"href":"https:\/\/contrastofficiel.com\/index.php\/wp-json\/wp\/v2\/media\/217"}],"wp:attachment":[{"href":"https:\/\/contrastofficiel.com\/index.php\/wp-json\/wp\/v2\/media?parent=216"}],"wp:term":[{"taxonomy":"product_brand","embeddable":true,"href":"https:\/\/contrastofficiel.com\/index.php\/wp-json\/wp\/v2\/product_brand?post=216"},{"taxonomy":"product_cat","embeddable":true,"href":"https:\/\/contrastofficiel.com\/index.php\/wp-json\/wp\/v2\/product_cat?post=216"},{"taxonomy":"product_tag","embeddable":true,"href":"https:\/\/contrastofficiel.com\/index.php\/wp-json\/wp\/v2\/product_tag?post=216"}],"curies":[{"name":"wp","href":"https:\/\/api.w.org\/{rel}","templated":true}]}}