{"id":34,"date":"2025-10-13T22:22:18","date_gmt":"2025-10-13T22:22:18","guid":{"rendered":"https:\/\/contrastofficiel.com\/?page_id=34"},"modified":"2025-10-19T22:19:31","modified_gmt":"2025-10-19T22:19:31","slug":"concept","status":"publish","type":"page","link":"https:\/\/contrastofficiel.com\/index.php\/concept\/","title":{"rendered":"Concept"},"content":{"rendered":"\n<h2 class=\"wp-block-heading alignfull has-theme-palette-9-color has-text-color has-background has-link-color wp-elements-f625d8dded68965d60c6015401e5b21b\" style=\"background-color:#000000\">L\u2019art de l\u2019opposition.<\/h2>\n\n\n\n<p class=\"has-text-color has-background has-link-color wp-elements-2ef4d66fd476787725b8cf6a121a9652\" style=\"color:#c2c2c2;background-color:#000000\">Entre ombre et lumi\u00e8re, entre forme et attitude.<br>Nous cr\u00e9ons des pi\u00e8ces qui affirment une dualit\u00e9 : celle du style et du fond.<br>Minimalisme assum\u00e9, expression brute, parce que des oppos\u00e9s ne sont pas forcement synonyme d&#8217;ennemis<\/p>\n\n\n\n<p><\/p>\n\n\n\n<p><\/p>\n\n\n\n<h2 class=\"wp-block-heading alignfull has-background\" style=\"background-color:#d0d0d0\">Le Concept<\/h2>\n\n\n\n<p>Contrast est n\u00e9 d\u2019une id\u00e9e simple : faire du v\u00eatement un langage.<br>Pas de superflu, pas de saison mais une cr\u00e9ativit\u00e9 assum\u00e9e en lien avec nos rencontres.<\/p>\n\n\n\n<p>Chaque pi\u00e8ce incarne un \u00e9quilibre entre esth\u00e9tique et attitude, silence et expression.<\/p>\n\n\n\n<p>\u00c0 l\u2019origine du projet, nous sommes trois, trois univers, trois influences.<br>Le hip-hop, le m\u00e9tal et l\u2019\u00e9lectro se rencontrent dans une m\u00eame vision :<br>celle de transformer nos contrastes musicaux en une esth\u00e9tique commune.<br>Cette diversit\u00e9 nourrit notre style, nos choix graphiques et notre mani\u00e8re d\u2019exprimer le v\u00eatement.<\/p>\n\n\n\n<p>Nous jouons avec les codes du streetwear, les d\u00e9tournons, les \u00e9purons.<br>Le contraste devient une signature : le d\u00e9tail sobre qui marque la diff\u00e9rence.<\/p>\n","protected":false},"excerpt":{"rendered":"<p>L\u2019art de l\u2019opposition. Entre ombre et lumi\u00e8re, entre forme et attitude.Nous cr\u00e9ons des pi\u00e8ces qui affirment une dualit\u00e9 : celle du style et du fond.Minimalisme assum\u00e9, expression brute, parce que des oppos\u00e9s ne sont pas forcement synonyme d&#8217;ennemis Le Concept Contrast est n\u00e9 d\u2019une id\u00e9e simple : faire du v\u00eatement un langage.Pas de superflu, pas&#8230;<\/p>\n","protected":false},"author":1,"featured_media":0,"parent":0,"menu_order":0,"comment_status":"closed","ping_status":"closed","template":"","meta":{"_kadence_starter_templates_imported_post":false,"_kad_post_transparent":"","_kad_post_title":"","_kad_post_layout":"","_kad_post_sidebar_id":"","_kad_post_content_style":"","_kad_post_vertical_padding":"","_kad_post_feature":"","_kad_post_feature_position":"","_kad_post_header":false,"_kad_post_footer":false,"_kad_post_classname":"","footnotes":""},"class_list":["post-34","page","type-page","status-publish","hentry"],"yoast_head":"<!-- This site is optimized with the Yoast SEO plugin v26.4 - https:\/\/yoast.com\/wordpress\/plugins\/seo\/ -->\n<title>Concept - Contrast Wear Officiel<\/title>\n<meta name=\"robots\" content=\"index, follow, max-snippet:-1, max-image-preview:large, max-video-preview:-1\" \/>\n<link rel=\"canonical\" href=\"https:\/\/contrastofficiel.com\/index.php\/concept\/\" \/>\n<meta property=\"og:locale\" content=\"fr_FR\" \/>\n<meta property=\"og:type\" content=\"article\" \/>\n<meta property=\"og:title\" content=\"Concept - Contrast Wear Officiel\" \/>\n<meta property=\"og:description\" content=\"L\u2019art de l\u2019opposition. Entre ombre et lumi\u00e8re, entre forme et attitude.Nous cr\u00e9ons des pi\u00e8ces qui affirment une dualit\u00e9 : celle du style et du fond.Minimalisme assum\u00e9, expression brute, parce que des oppos\u00e9s ne sont pas forcement synonyme d&#8217;ennemis Le Concept Contrast est n\u00e9 d\u2019une id\u00e9e simple : faire du v\u00eatement un langage.Pas de superflu, pas...\" \/>\n<meta property=\"og:url\" content=\"https:\/\/contrastofficiel.com\/index.php\/concept\/\" \/>\n<meta property=\"og:site_name\" content=\"Contrast Wear Officiel\" \/>\n<meta property=\"article:publisher\" content=\"https:\/\/www.facebook.com\/profile.php?id=61581055040467\" \/>\n<meta property=\"article:modified_time\" content=\"2025-10-19T22:19:31+00:00\" \/>\n<meta property=\"og:image\" content=\"https:\/\/contrastofficiel.com\/wp-content\/uploads\/2025\/10\/548899262_17848207974559001_4854483166592148496_n-1.jpg\" \/>\n\t<meta property=\"og:image:width\" content=\"206\" \/>\n\t<meta property=\"og:image:height\" content=\"206\" \/>\n\t<meta property=\"og:image:type\" content=\"image\/jpeg\" \/>\n<meta name=\"twitter:card\" content=\"summary_large_image\" \/>\n<meta name=\"twitter:label1\" content=\"Dur\u00e9e de lecture estim\u00e9e\" \/>\n\t<meta name=\"twitter:data1\" content=\"1 minute\" \/>\n<script type=\"application\/ld+json\" class=\"yoast-schema-graph\">{\"@context\":\"https:\/\/schema.org\",\"@graph\":[{\"@type\":\"WebPage\",\"@id\":\"https:\/\/contrastofficiel.com\/index.php\/concept\/\",\"url\":\"https:\/\/contrastofficiel.com\/index.php\/concept\/\",\"name\":\"Concept - Contrast Wear Officiel\",\"isPartOf\":{\"@id\":\"https:\/\/contrastofficiel.com\/#website\"},\"datePublished\":\"2025-10-13T22:22:18+00:00\",\"dateModified\":\"2025-10-19T22:19:31+00:00\",\"breadcrumb\":{\"@id\":\"https:\/\/contrastofficiel.com\/index.php\/concept\/#breadcrumb\"},\"inLanguage\":\"fr-FR\",\"potentialAction\":[{\"@type\":\"ReadAction\",\"target\":[\"https:\/\/contrastofficiel.com\/index.php\/concept\/\"]}]},{\"@type\":\"BreadcrumbList\",\"@id\":\"https:\/\/contrastofficiel.com\/index.php\/concept\/#breadcrumb\",\"itemListElement\":[{\"@type\":\"ListItem\",\"position\":1,\"name\":\"Accueil\",\"item\":\"https:\/\/contrastofficiel.com\/\"},{\"@type\":\"ListItem\",\"position\":2,\"name\":\"Concept\"}]},{\"@type\":\"WebSite\",\"@id\":\"https:\/\/contrastofficiel.com\/#website\",\"url\":\"https:\/\/contrastofficiel.com\/\",\"name\":\"contrastofficiel.com\",\"description\":\"Streetwear et accessoires - Notre force, notre diff\u00e9rence\",\"publisher\":{\"@id\":\"https:\/\/contrastofficiel.com\/#organization\"},\"alternateName\":\"Contrast wear officiel\",\"potentialAction\":[{\"@type\":\"SearchAction\",\"target\":{\"@type\":\"EntryPoint\",\"urlTemplate\":\"https:\/\/contrastofficiel.com\/?s={search_term_string}\"},\"query-input\":{\"@type\":\"PropertyValueSpecification\",\"valueRequired\":true,\"valueName\":\"search_term_string\"}}],\"inLanguage\":\"fr-FR\"},{\"@type\":\"Organization\",\"@id\":\"https:\/\/contrastofficiel.com\/#organization\",\"name\":\"Contrast\",\"url\":\"https:\/\/contrastofficiel.com\/\",\"logo\":{\"@type\":\"ImageObject\",\"inLanguage\":\"fr-FR\",\"@id\":\"https:\/\/contrastofficiel.com\/#\/schema\/logo\/image\/\",\"url\":\"https:\/\/contrastofficiel.com\/wp-content\/uploads\/2025\/10\/cropped-logo-contrast-OK-copie-scaled-2.png\",\"contentUrl\":\"https:\/\/contrastofficiel.com\/wp-content\/uploads\/2025\/10\/cropped-logo-contrast-OK-copie-scaled-2.png\",\"width\":2560,\"height\":371,\"caption\":\"Contrast\"},\"image\":{\"@id\":\"https:\/\/contrastofficiel.com\/#\/schema\/logo\/image\/\"},\"sameAs\":[\"https:\/\/www.facebook.com\/profile.php?id=61581055040467\",\"https:\/\/www.instagram.com\/contrastwearofficiel\/\"]}]}<\/script>\n<!-- \/ Yoast SEO plugin. -->","yoast_head_json":{"title":"Concept - Contrast Wear Officiel","robots":{"index":"index","follow":"follow","max-snippet":"max-snippet:-1","max-image-preview":"max-image-preview:large","max-video-preview":"max-video-preview:-1"},"canonical":"https:\/\/contrastofficiel.com\/index.php\/concept\/","og_locale":"fr_FR","og_type":"article","og_title":"Concept - Contrast Wear Officiel","og_description":"L\u2019art de l\u2019opposition. Entre ombre et lumi\u00e8re, entre forme et attitude.Nous cr\u00e9ons des pi\u00e8ces qui affirment une dualit\u00e9 : celle du style et du fond.Minimalisme assum\u00e9, expression brute, parce que des oppos\u00e9s ne sont pas forcement synonyme d&#8217;ennemis Le Concept Contrast est n\u00e9 d\u2019une id\u00e9e simple : faire du v\u00eatement un langage.Pas de superflu, pas...","og_url":"https:\/\/contrastofficiel.com\/index.php\/concept\/","og_site_name":"Contrast Wear Officiel","article_publisher":"https:\/\/www.facebook.com\/profile.php?id=61581055040467","article_modified_time":"2025-10-19T22:19:31+00:00","og_image":[{"width":206,"height":206,"url":"https:\/\/contrastofficiel.com\/wp-content\/uploads\/2025\/10\/548899262_17848207974559001_4854483166592148496_n-1.jpg","type":"image\/jpeg"}],"twitter_card":"summary_large_image","twitter_misc":{"Dur\u00e9e de lecture estim\u00e9e":"1 minute"},"schema":{"@context":"https:\/\/schema.org","@graph":[{"@type":"WebPage","@id":"https:\/\/contrastofficiel.com\/index.php\/concept\/","url":"https:\/\/contrastofficiel.com\/index.php\/concept\/","name":"Concept - Contrast Wear Officiel","isPartOf":{"@id":"https:\/\/contrastofficiel.com\/#website"},"datePublished":"2025-10-13T22:22:18+00:00","dateModified":"2025-10-19T22:19:31+00:00","breadcrumb":{"@id":"https:\/\/contrastofficiel.com\/index.php\/concept\/#breadcrumb"},"inLanguage":"fr-FR","potentialAction":[{"@type":"ReadAction","target":["https:\/\/contrastofficiel.com\/index.php\/concept\/"]}]},{"@type":"BreadcrumbList","@id":"https:\/\/contrastofficiel.com\/index.php\/concept\/#breadcrumb","itemListElement":[{"@type":"ListItem","position":1,"name":"Accueil","item":"https:\/\/contrastofficiel.com\/"},{"@type":"ListItem","position":2,"name":"Concept"}]},{"@type":"WebSite","@id":"https:\/\/contrastofficiel.com\/#website","url":"https:\/\/contrastofficiel.com\/","name":"contrastofficiel.com","description":"Streetwear et accessoires - Notre force, notre diff\u00e9rence","publisher":{"@id":"https:\/\/contrastofficiel.com\/#organization"},"alternateName":"Contrast wear officiel","potentialAction":[{"@type":"SearchAction","target":{"@type":"EntryPoint","urlTemplate":"https:\/\/contrastofficiel.com\/?s={search_term_string}"},"query-input":{"@type":"PropertyValueSpecification","valueRequired":true,"valueName":"search_term_string"}}],"inLanguage":"fr-FR"},{"@type":"Organization","@id":"https:\/\/contrastofficiel.com\/#organization","name":"Contrast","url":"https:\/\/contrastofficiel.com\/","logo":{"@type":"ImageObject","inLanguage":"fr-FR","@id":"https:\/\/contrastofficiel.com\/#\/schema\/logo\/image\/","url":"https:\/\/contrastofficiel.com\/wp-content\/uploads\/2025\/10\/cropped-logo-contrast-OK-copie-scaled-2.png","contentUrl":"https:\/\/contrastofficiel.com\/wp-content\/uploads\/2025\/10\/cropped-logo-contrast-OK-copie-scaled-2.png","width":2560,"height":371,"caption":"Contrast"},"image":{"@id":"https:\/\/contrastofficiel.com\/#\/schema\/logo\/image\/"},"sameAs":["https:\/\/www.facebook.com\/profile.php?id=61581055040467","https:\/\/www.instagram.com\/contrastwearofficiel\/"]}]}},"_links":{"self":[{"href":"https:\/\/contrastofficiel.com\/index.php\/wp-json\/wp\/v2\/pages\/34","targetHints":{"allow":["GET"]}}],"collection":[{"href":"https:\/\/contrastofficiel.com\/index.php\/wp-json\/wp\/v2\/pages"}],"about":[{"href":"https:\/\/contrastofficiel.com\/index.php\/wp-json\/wp\/v2\/types\/page"}],"author":[{"embeddable":true,"href":"https:\/\/contrastofficiel.com\/index.php\/wp-json\/wp\/v2\/users\/1"}],"replies":[{"embeddable":true,"href":"https:\/\/contrastofficiel.com\/index.php\/wp-json\/wp\/v2\/comments?post=34"}],"version-history":[{"count":4,"href":"https:\/\/contrastofficiel.com\/index.php\/wp-json\/wp\/v2\/pages\/34\/revisions"}],"predecessor-version":[{"id":487,"href":"https:\/\/contrastofficiel.com\/index.php\/wp-json\/wp\/v2\/pages\/34\/revisions\/487"}],"wp:attachment":[{"href":"https:\/\/contrastofficiel.com\/index.php\/wp-json\/wp\/v2\/media?parent=34"}],"curies":[{"name":"wp","href":"https:\/\/api.w.org\/{rel}","templated":true}]}}